{"id":604,"date":"2015-08-20T19:27:19","date_gmt":"2015-08-20T19:27:19","guid":{"rendered":"http:\/\/www.twbcompany.com\/es\/services\/optimized-material-utilization\/"},"modified":"2016-01-20T16:01:33","modified_gmt":"2016-01-20T16:01:33","slug":"optimized-material-utilization","status":"publish","type":"page","link":"https:\/\/www.twbcompany.com\/es\/services\/optimized-material-utilization\/","title":{"rendered":"Utilizaci\u00f3n Optimizada del Material"},"content":{"rendered":"<h2>Utilizamos materiales de la manera m\u00e1s efectiva, una\u00a0parte a la vez: geometr\u00edas optimizadas.<\/h2>\n<div>\n<p>La utilizaci\u00f3n del material es una\u00a0parte fundamental en la estructura de costos de su producto. TWB utiliza distintos sistemas para asegurar el uso optimizado del material para su aplicaci\u00f3n. Exploramos diferentes opciones de procesamiento y\u00a0grados de materiales para todas las partes que evalu\u00e1mos. Utilizamos nuestra experiencia en procesamiento de material, dise\u00f1o de dados, estampado y desarrollo de producto para optimizar completamente sus productos y as\u00ed lograr el costo m\u00e1s bajo con la calidad m\u00e1s alta posible.<\/p>\n<p>TWB est\u00e1 respaldado por d\u00e9cadas de experiencia en la industria, adem\u00e1s de conocimientos t\u00e9cnicos que nos perm\u00edten\u00a0adaptarnos a sus necesidades.\u00a0 Incluso los cambios m\u00e1s peque\u00f1os a la geometr\u00eda tienen un efecto significativo,\u00a0mejorando\u00a0los costos en el material y en las herramientas de formado. Las recomendaciones de TWB representan millones de d\u00f3lares\u00a0en ahorros para nuestros clientes.<\/p>\n<\/div>\n","protected":false},"excerpt":{"rendered":"<p>Utilizamos materiales de la manera m\u00e1s efectiva, una\u00a0parte a la vez: geometr\u00edas optimizadas. La utilizaci\u00f3n del material es una\u00a0parte fundamental en la estructura de costos de su producto. TWB utiliza distintos sistemas para asegurar el uso optimizado del material para su aplicaci\u00f3n. Exploramos diferentes opciones de procesamiento y\u00a0grados de materiales para todas las partes que [&hellip;]<\/p>\n","protected":false},"author":10,"featured_media":446,"parent":600,"menu_order":1,"comment_status":"closed","ping_status":"closed","template":"","meta":{"_acf_changed":false,"footnotes":""},"class_list":["post-604","page","type-page","status-publish","has-post-thumbnail","hentry"],"acf":[],"yoast_head":"<!-- This site is optimized with the Yoast SEO plugin v27.4 - https:\/\/yoast.com\/product\/yoast-seo-wordpress\/ -->\n<title>Utilizaci\u00f3n Optimizada del Material - TWB Company LLC<\/title>\n<meta name=\"robots\" content=\"index, follow, max-snippet:-1, max-image-preview:large, max-video-preview:-1\" \/>\n<link rel=\"canonical\" href=\"https:\/\/www.twbcompany.com\/es\/services\/optimized-material-utilization\/\" \/>\n<meta property=\"og:locale\" content=\"es_ES\" \/>\n<meta property=\"og:type\" content=\"article\" \/>\n<meta property=\"og:title\" content=\"Utilizaci\u00f3n Optimizada del Material - TWB Company LLC\" \/>\n<meta property=\"og:description\" content=\"Utilizamos materiales de la manera m\u00e1s efectiva, una\u00a0parte a la vez: geometr\u00edas optimizadas. La utilizaci\u00f3n del material es una\u00a0parte fundamental en la estructura de costos de su producto. TWB utiliza distintos sistemas para asegurar el uso optimizado del material para su aplicaci\u00f3n. Exploramos diferentes opciones de procesamiento y\u00a0grados de materiales para todas las partes que [&hellip;]\" \/>\n<meta property=\"og:url\" content=\"https:\/\/www.twbcompany.com\/es\/services\/optimized-material-utilization\/\" \/>\n<meta property=\"og:site_name\" content=\"TWB Company LLC\" \/>\n<meta property=\"article:publisher\" content=\"https:\/\/www.linkedin.com\/company\/twb\/\" \/>\n<meta property=\"article:modified_time\" content=\"2016-01-20T16:01:33+00:00\" \/>\n<meta property=\"og:image\" content=\"https:\/\/www.twbcompany.com\/wp-content\/uploads\/2015\/08\/material-optimization-hero.jpg\" \/>\n\t<meta property=\"og:image:width\" content=\"1209\" \/>\n\t<meta property=\"og:image:height\" content=\"403\" \/>\n\t<meta property=\"og:image:type\" content=\"image\/jpeg\" \/>\n<meta name=\"twitter:card\" content=\"summary_large_image\" \/>\n<meta name=\"twitter:label1\" content=\"Est. reading time\" \/>\n\t<meta name=\"twitter:data1\" content=\"1 minute\" \/>\n<script type=\"application\/ld+json\" class=\"yoast-schema-graph\">{\"@context\":\"https:\\\/\\\/schema.org\",\"@graph\":[{\"@type\":\"WebPage\",\"@id\":\"https:\\\/\\\/www.twbcompany.com\\\/es\\\/services\\\/optimized-material-utilization\\\/\",\"url\":\"https:\\\/\\\/www.twbcompany.com\\\/es\\\/services\\\/optimized-material-utilization\\\/\",\"name\":\"Utilizaci\u00f3n Optimizada del Material - TWB Company LLC\",\"isPartOf\":{\"@id\":\"https:\\\/\\\/www.twbcompany.com\\\/es\\\/#website\"},\"primaryImageOfPage\":{\"@id\":\"https:\\\/\\\/www.twbcompany.com\\\/es\\\/services\\\/optimized-material-utilization\\\/#primaryimage\"},\"image\":{\"@id\":\"https:\\\/\\\/www.twbcompany.com\\\/es\\\/services\\\/optimized-material-utilization\\\/#primaryimage\"},\"thumbnailUrl\":\"https:\\\/\\\/www.twbcompany.com\\\/wp-content\\\/uploads\\\/2015\\\/08\\\/material-optimization-hero.jpg\",\"datePublished\":\"2015-08-20T19:27:19+00:00\",\"dateModified\":\"2016-01-20T16:01:33+00:00\",\"breadcrumb\":{\"@id\":\"https:\\\/\\\/www.twbcompany.com\\\/es\\\/services\\\/optimized-material-utilization\\\/#breadcrumb\"},\"inLanguage\":\"es-ES\",\"potentialAction\":[{\"@type\":\"ReadAction\",\"target\":[\"https:\\\/\\\/www.twbcompany.com\\\/es\\\/services\\\/optimized-material-utilization\\\/\"]}]},{\"@type\":\"ImageObject\",\"inLanguage\":\"es-ES\",\"@id\":\"https:\\\/\\\/www.twbcompany.com\\\/es\\\/services\\\/optimized-material-utilization\\\/#primaryimage\",\"url\":\"https:\\\/\\\/www.twbcompany.com\\\/wp-content\\\/uploads\\\/2015\\\/08\\\/material-optimization-hero.jpg\",\"contentUrl\":\"https:\\\/\\\/www.twbcompany.com\\\/wp-content\\\/uploads\\\/2015\\\/08\\\/material-optimization-hero.jpg\",\"width\":1209,\"height\":403},{\"@type\":\"BreadcrumbList\",\"@id\":\"https:\\\/\\\/www.twbcompany.com\\\/es\\\/services\\\/optimized-material-utilization\\\/#breadcrumb\",\"itemListElement\":[{\"@type\":\"ListItem\",\"position\":1,\"name\":\"Home\",\"item\":\"https:\\\/\\\/www.twbcompany.com\\\/es\\\/\"},{\"@type\":\"ListItem\",\"position\":2,\"name\":\"Servicios\",\"item\":\"https:\\\/\\\/www.twbcompany.com\\\/es\\\/services\\\/\"},{\"@type\":\"ListItem\",\"position\":3,\"name\":\"Utilizaci\u00f3n Optimizada del Material\"}]},{\"@type\":\"WebSite\",\"@id\":\"https:\\\/\\\/www.twbcompany.com\\\/es\\\/#website\",\"url\":\"https:\\\/\\\/www.twbcompany.com\\\/es\\\/\",\"name\":\"TWB Company LLC\",\"description\":\"A Worthington Steel and WISCO Tailored Blanks Joint Venture Company\",\"publisher\":{\"@id\":\"https:\\\/\\\/www.twbcompany.com\\\/es\\\/#organization\"},\"potentialAction\":[{\"@type\":\"SearchAction\",\"target\":{\"@type\":\"EntryPoint\",\"urlTemplate\":\"https:\\\/\\\/www.twbcompany.com\\\/es\\\/?s={search_term_string}\"},\"query-input\":{\"@type\":\"PropertyValueSpecification\",\"valueRequired\":true,\"valueName\":\"search_term_string\"}}],\"inLanguage\":\"es-ES\"},{\"@type\":\"Organization\",\"@id\":\"https:\\\/\\\/www.twbcompany.com\\\/es\\\/#organization\",\"name\":\"TWB Company LLC\",\"url\":\"https:\\\/\\\/www.twbcompany.com\\\/es\\\/\",\"logo\":{\"@type\":\"ImageObject\",\"inLanguage\":\"es-ES\",\"@id\":\"https:\\\/\\\/www.twbcompany.com\\\/es\\\/#\\\/schema\\\/logo\\\/image\\\/\",\"url\":\"https:\\\/\\\/www.twbcompany.com\\\/wp-content\\\/uploads\\\/2025\\\/10\\\/Grey-Background-Single-TWB-1.jpg\",\"contentUrl\":\"https:\\\/\\\/www.twbcompany.com\\\/wp-content\\\/uploads\\\/2025\\\/10\\\/Grey-Background-Single-TWB-1.jpg\",\"width\":1920,\"height\":1080,\"caption\":\"TWB Company LLC\"},\"image\":{\"@id\":\"https:\\\/\\\/www.twbcompany.com\\\/es\\\/#\\\/schema\\\/logo\\\/image\\\/\"},\"sameAs\":[\"https:\\\/\\\/www.linkedin.com\\\/company\\\/twb\\\/\"]}]}<\/script>\n<!-- \/ Yoast SEO plugin. -->","yoast_head_json":{"title":"Utilizaci\u00f3n Optimizada del Material - TWB Company LLC","robots":{"index":"index","follow":"follow","max-snippet":"max-snippet:-1","max-image-preview":"max-image-preview:large","max-video-preview":"max-video-preview:-1"},"canonical":"https:\/\/www.twbcompany.com\/es\/services\/optimized-material-utilization\/","og_locale":"es_ES","og_type":"article","og_title":"Utilizaci\u00f3n Optimizada del Material - TWB Company LLC","og_description":"Utilizamos materiales de la manera m\u00e1s efectiva, una\u00a0parte a la vez: geometr\u00edas optimizadas. La utilizaci\u00f3n del material es una\u00a0parte fundamental en la estructura de costos de su producto. TWB utiliza distintos sistemas para asegurar el uso optimizado del material para su aplicaci\u00f3n. Exploramos diferentes opciones de procesamiento y\u00a0grados de materiales para todas las partes que [&hellip;]","og_url":"https:\/\/www.twbcompany.com\/es\/services\/optimized-material-utilization\/","og_site_name":"TWB Company LLC","article_publisher":"https:\/\/www.linkedin.com\/company\/twb\/","article_modified_time":"2016-01-20T16:01:33+00:00","og_image":[{"width":1209,"height":403,"url":"https:\/\/www.twbcompany.com\/wp-content\/uploads\/2015\/08\/material-optimization-hero.jpg","type":"image\/jpeg"}],"twitter_card":"summary_large_image","twitter_misc":{"Est. reading time":"1 minute"},"schema":{"@context":"https:\/\/schema.org","@graph":[{"@type":"WebPage","@id":"https:\/\/www.twbcompany.com\/es\/services\/optimized-material-utilization\/","url":"https:\/\/www.twbcompany.com\/es\/services\/optimized-material-utilization\/","name":"Utilizaci\u00f3n Optimizada del Material - TWB Company LLC","isPartOf":{"@id":"https:\/\/www.twbcompany.com\/es\/#website"},"primaryImageOfPage":{"@id":"https:\/\/www.twbcompany.com\/es\/services\/optimized-material-utilization\/#primaryimage"},"image":{"@id":"https:\/\/www.twbcompany.com\/es\/services\/optimized-material-utilization\/#primaryimage"},"thumbnailUrl":"https:\/\/www.twbcompany.com\/wp-content\/uploads\/2015\/08\/material-optimization-hero.jpg","datePublished":"2015-08-20T19:27:19+00:00","dateModified":"2016-01-20T16:01:33+00:00","breadcrumb":{"@id":"https:\/\/www.twbcompany.com\/es\/services\/optimized-material-utilization\/#breadcrumb"},"inLanguage":"es-ES","potentialAction":[{"@type":"ReadAction","target":["https:\/\/www.twbcompany.com\/es\/services\/optimized-material-utilization\/"]}]},{"@type":"ImageObject","inLanguage":"es-ES","@id":"https:\/\/www.twbcompany.com\/es\/services\/optimized-material-utilization\/#primaryimage","url":"https:\/\/www.twbcompany.com\/wp-content\/uploads\/2015\/08\/material-optimization-hero.jpg","contentUrl":"https:\/\/www.twbcompany.com\/wp-content\/uploads\/2015\/08\/material-optimization-hero.jpg","width":1209,"height":403},{"@type":"BreadcrumbList","@id":"https:\/\/www.twbcompany.com\/es\/services\/optimized-material-utilization\/#breadcrumb","itemListElement":[{"@type":"ListItem","position":1,"name":"Home","item":"https:\/\/www.twbcompany.com\/es\/"},{"@type":"ListItem","position":2,"name":"Servicios","item":"https:\/\/www.twbcompany.com\/es\/services\/"},{"@type":"ListItem","position":3,"name":"Utilizaci\u00f3n Optimizada del Material"}]},{"@type":"WebSite","@id":"https:\/\/www.twbcompany.com\/es\/#website","url":"https:\/\/www.twbcompany.com\/es\/","name":"TWB Company LLC","description":"A Worthington Steel and WISCO Tailored Blanks Joint Venture Company","publisher":{"@id":"https:\/\/www.twbcompany.com\/es\/#organization"},"potentialAction":[{"@type":"SearchAction","target":{"@type":"EntryPoint","urlTemplate":"https:\/\/www.twbcompany.com\/es\/?s={search_term_string}"},"query-input":{"@type":"PropertyValueSpecification","valueRequired":true,"valueName":"search_term_string"}}],"inLanguage":"es-ES"},{"@type":"Organization","@id":"https:\/\/www.twbcompany.com\/es\/#organization","name":"TWB Company LLC","url":"https:\/\/www.twbcompany.com\/es\/","logo":{"@type":"ImageObject","inLanguage":"es-ES","@id":"https:\/\/www.twbcompany.com\/es\/#\/schema\/logo\/image\/","url":"https:\/\/www.twbcompany.com\/wp-content\/uploads\/2025\/10\/Grey-Background-Single-TWB-1.jpg","contentUrl":"https:\/\/www.twbcompany.com\/wp-content\/uploads\/2025\/10\/Grey-Background-Single-TWB-1.jpg","width":1920,"height":1080,"caption":"TWB Company LLC"},"image":{"@id":"https:\/\/www.twbcompany.com\/es\/#\/schema\/logo\/image\/"},"sameAs":["https:\/\/www.linkedin.com\/company\/twb\/"]}]}},"_links":{"self":[{"href":"https:\/\/www.twbcompany.com\/es\/wp-json\/wp\/v2\/pages\/604","targetHints":{"allow":["GET"]}}],"collection":[{"href":"https:\/\/www.twbcompany.com\/es\/wp-json\/wp\/v2\/pages"}],"about":[{"href":"https:\/\/www.twbcompany.com\/es\/wp-json\/wp\/v2\/types\/page"}],"author":[{"embeddable":true,"href":"https:\/\/www.twbcompany.com\/es\/wp-json\/wp\/v2\/users\/10"}],"replies":[{"embeddable":true,"href":"https:\/\/www.twbcompany.com\/es\/wp-json\/wp\/v2\/comments?post=604"}],"version-history":[{"count":0,"href":"https:\/\/www.twbcompany.com\/es\/wp-json\/wp\/v2\/pages\/604\/revisions"}],"up":[{"embeddable":true,"href":"https:\/\/www.twbcompany.com\/es\/wp-json\/wp\/v2\/pages\/600"}],"wp:featuredmedia":[{"embeddable":true,"href":"https:\/\/www.twbcompany.com\/es\/wp-json\/wp\/v2\/media\/446"}],"wp:attachment":[{"href":"https:\/\/www.twbcompany.com\/es\/wp-json\/wp\/v2\/media?parent=604"}],"curies":[{"name":"wp","href":"https:\/\/api.w.org\/{rel}","templated":true}]}}