{"id":602,"date":"2015-08-20T19:27:02","date_gmt":"2015-08-20T19:27:02","guid":{"rendered":"http:\/\/www.twbcompany.com\/es\/services\/application-development\/"},"modified":"2016-01-20T02:08:32","modified_gmt":"2016-01-20T02:08:32","slug":"application-development","status":"publish","type":"page","link":"https:\/\/www.twbcompany.com\/es\/services\/application-development\/","title":{"rendered":"Desarrollo de Aplicaciones"},"content":{"rendered":"<h2>Soporte en el Desarrollo del Producto<\/h2>\n<p>Nuestro\u00a0 departamento de ingenier\u00eda al cliente se enfoca en sus necesidades desde el inicio. Nuestros especialistas se encuentran de su lado en las etapas iniciales del desarrollo de su producto para proveer soporte de una manera proactiva. Desde el a\u00f1o 2000 hemos lanzado satisfactoriamente m\u00e1s de 500 proyectos de producci\u00f3n. Tenemos ingenieros enfocados en\u00a0productos, herramientas y dados, manufactura, proceso y calidad dentro de nuestro staff para poder atender las necesidades\u00a0tanto de su proyecto, como del producto.<\/p>\n","protected":false},"excerpt":{"rendered":"<p>Soporte en el Desarrollo del Producto Nuestro\u00a0 departamento de ingenier\u00eda al cliente se enfoca en sus necesidades desde el inicio. Nuestros especialistas se encuentran de su lado en las etapas iniciales del desarrollo de su producto para proveer soporte de una manera proactiva. Desde el a\u00f1o 2000 hemos lanzado satisfactoriamente m\u00e1s de 500 proyectos de [&hellip;]<\/p>\n","protected":false},"author":10,"featured_media":442,"parent":600,"menu_order":0,"comment_status":"closed","ping_status":"closed","template":"","meta":{"_acf_changed":false,"footnotes":""},"class_list":["post-602","page","type-page","status-publish","has-post-thumbnail","hentry"],"acf":[],"yoast_head":"<!-- This site is optimized with the Yoast SEO plugin v27.4 - https:\/\/yoast.com\/product\/yoast-seo-wordpress\/ -->\n<title>Desarrollo de Aplicaciones - TWB Company LLC<\/title>\n<meta name=\"robots\" content=\"index, follow, max-snippet:-1, max-image-preview:large, max-video-preview:-1\" \/>\n<link rel=\"canonical\" href=\"https:\/\/www.twbcompany.com\/es\/services\/application-development\/\" \/>\n<meta property=\"og:locale\" content=\"es_ES\" \/>\n<meta property=\"og:type\" content=\"article\" \/>\n<meta property=\"og:title\" content=\"Desarrollo de Aplicaciones - TWB Company LLC\" \/>\n<meta property=\"og:description\" content=\"Soporte en el Desarrollo del Producto Nuestro\u00a0 departamento de ingenier\u00eda al cliente se enfoca en sus necesidades desde el inicio. Nuestros especialistas se encuentran de su lado en las etapas iniciales del desarrollo de su producto para proveer soporte de una manera proactiva. Desde el a\u00f1o 2000 hemos lanzado satisfactoriamente m\u00e1s de 500 proyectos de [&hellip;]\" \/>\n<meta property=\"og:url\" content=\"https:\/\/www.twbcompany.com\/es\/services\/application-development\/\" \/>\n<meta property=\"og:site_name\" content=\"TWB Company LLC\" \/>\n<meta property=\"article:publisher\" content=\"https:\/\/www.linkedin.com\/company\/twb\/\" \/>\n<meta property=\"article:modified_time\" content=\"2016-01-20T02:08:32+00:00\" \/>\n<meta property=\"og:image\" content=\"https:\/\/www.twbcompany.com\/wp-content\/uploads\/2015\/08\/service-hero.jpg\" \/>\n\t<meta property=\"og:image:width\" content=\"1209\" \/>\n\t<meta property=\"og:image:height\" content=\"403\" \/>\n\t<meta property=\"og:image:type\" content=\"image\/jpeg\" \/>\n<meta name=\"twitter:card\" content=\"summary_large_image\" \/>\n<script type=\"application\/ld+json\" class=\"yoast-schema-graph\">{\"@context\":\"https:\\\/\\\/schema.org\",\"@graph\":[{\"@type\":\"WebPage\",\"@id\":\"https:\\\/\\\/www.twbcompany.com\\\/es\\\/services\\\/application-development\\\/\",\"url\":\"https:\\\/\\\/www.twbcompany.com\\\/es\\\/services\\\/application-development\\\/\",\"name\":\"Desarrollo de Aplicaciones - TWB Company LLC\",\"isPartOf\":{\"@id\":\"https:\\\/\\\/www.twbcompany.com\\\/es\\\/#website\"},\"primaryImageOfPage\":{\"@id\":\"https:\\\/\\\/www.twbcompany.com\\\/es\\\/services\\\/application-development\\\/#primaryimage\"},\"image\":{\"@id\":\"https:\\\/\\\/www.twbcompany.com\\\/es\\\/services\\\/application-development\\\/#primaryimage\"},\"thumbnailUrl\":\"https:\\\/\\\/www.twbcompany.com\\\/wp-content\\\/uploads\\\/2015\\\/08\\\/service-hero.jpg\",\"datePublished\":\"2015-08-20T19:27:02+00:00\",\"dateModified\":\"2016-01-20T02:08:32+00:00\",\"breadcrumb\":{\"@id\":\"https:\\\/\\\/www.twbcompany.com\\\/es\\\/services\\\/application-development\\\/#breadcrumb\"},\"inLanguage\":\"es-ES\",\"potentialAction\":[{\"@type\":\"ReadAction\",\"target\":[\"https:\\\/\\\/www.twbcompany.com\\\/es\\\/services\\\/application-development\\\/\"]}]},{\"@type\":\"ImageObject\",\"inLanguage\":\"es-ES\",\"@id\":\"https:\\\/\\\/www.twbcompany.com\\\/es\\\/services\\\/application-development\\\/#primaryimage\",\"url\":\"https:\\\/\\\/www.twbcompany.com\\\/wp-content\\\/uploads\\\/2015\\\/08\\\/service-hero.jpg\",\"contentUrl\":\"https:\\\/\\\/www.twbcompany.com\\\/wp-content\\\/uploads\\\/2015\\\/08\\\/service-hero.jpg\",\"width\":1209,\"height\":403},{\"@type\":\"BreadcrumbList\",\"@id\":\"https:\\\/\\\/www.twbcompany.com\\\/es\\\/services\\\/application-development\\\/#breadcrumb\",\"itemListElement\":[{\"@type\":\"ListItem\",\"position\":1,\"name\":\"Home\",\"item\":\"https:\\\/\\\/www.twbcompany.com\\\/es\\\/\"},{\"@type\":\"ListItem\",\"position\":2,\"name\":\"Servicios\",\"item\":\"https:\\\/\\\/www.twbcompany.com\\\/es\\\/services\\\/\"},{\"@type\":\"ListItem\",\"position\":3,\"name\":\"Desarrollo de Aplicaciones\"}]},{\"@type\":\"WebSite\",\"@id\":\"https:\\\/\\\/www.twbcompany.com\\\/es\\\/#website\",\"url\":\"https:\\\/\\\/www.twbcompany.com\\\/es\\\/\",\"name\":\"TWB Company LLC\",\"description\":\"A Worthington Steel and WISCO Tailored Blanks Joint Venture Company\",\"publisher\":{\"@id\":\"https:\\\/\\\/www.twbcompany.com\\\/es\\\/#organization\"},\"potentialAction\":[{\"@type\":\"SearchAction\",\"target\":{\"@type\":\"EntryPoint\",\"urlTemplate\":\"https:\\\/\\\/www.twbcompany.com\\\/es\\\/?s={search_term_string}\"},\"query-input\":{\"@type\":\"PropertyValueSpecification\",\"valueRequired\":true,\"valueName\":\"search_term_string\"}}],\"inLanguage\":\"es-ES\"},{\"@type\":\"Organization\",\"@id\":\"https:\\\/\\\/www.twbcompany.com\\\/es\\\/#organization\",\"name\":\"TWB Company LLC\",\"url\":\"https:\\\/\\\/www.twbcompany.com\\\/es\\\/\",\"logo\":{\"@type\":\"ImageObject\",\"inLanguage\":\"es-ES\",\"@id\":\"https:\\\/\\\/www.twbcompany.com\\\/es\\\/#\\\/schema\\\/logo\\\/image\\\/\",\"url\":\"https:\\\/\\\/www.twbcompany.com\\\/wp-content\\\/uploads\\\/2025\\\/10\\\/Grey-Background-Single-TWB-1.jpg\",\"contentUrl\":\"https:\\\/\\\/www.twbcompany.com\\\/wp-content\\\/uploads\\\/2025\\\/10\\\/Grey-Background-Single-TWB-1.jpg\",\"width\":1920,\"height\":1080,\"caption\":\"TWB Company LLC\"},\"image\":{\"@id\":\"https:\\\/\\\/www.twbcompany.com\\\/es\\\/#\\\/schema\\\/logo\\\/image\\\/\"},\"sameAs\":[\"https:\\\/\\\/www.linkedin.com\\\/company\\\/twb\\\/\"]}]}<\/script>\n<!-- \/ Yoast SEO plugin. -->","yoast_head_json":{"title":"Desarrollo de Aplicaciones - TWB Company LLC","robots":{"index":"index","follow":"follow","max-snippet":"max-snippet:-1","max-image-preview":"max-image-preview:large","max-video-preview":"max-video-preview:-1"},"canonical":"https:\/\/www.twbcompany.com\/es\/services\/application-development\/","og_locale":"es_ES","og_type":"article","og_title":"Desarrollo de Aplicaciones - TWB Company LLC","og_description":"Soporte en el Desarrollo del Producto Nuestro\u00a0 departamento de ingenier\u00eda al cliente se enfoca en sus necesidades desde el inicio. Nuestros especialistas se encuentran de su lado en las etapas iniciales del desarrollo de su producto para proveer soporte de una manera proactiva. Desde el a\u00f1o 2000 hemos lanzado satisfactoriamente m\u00e1s de 500 proyectos de [&hellip;]","og_url":"https:\/\/www.twbcompany.com\/es\/services\/application-development\/","og_site_name":"TWB Company LLC","article_publisher":"https:\/\/www.linkedin.com\/company\/twb\/","article_modified_time":"2016-01-20T02:08:32+00:00","og_image":[{"width":1209,"height":403,"url":"https:\/\/www.twbcompany.com\/wp-content\/uploads\/2015\/08\/service-hero.jpg","type":"image\/jpeg"}],"twitter_card":"summary_large_image","schema":{"@context":"https:\/\/schema.org","@graph":[{"@type":"WebPage","@id":"https:\/\/www.twbcompany.com\/es\/services\/application-development\/","url":"https:\/\/www.twbcompany.com\/es\/services\/application-development\/","name":"Desarrollo de Aplicaciones - TWB Company LLC","isPartOf":{"@id":"https:\/\/www.twbcompany.com\/es\/#website"},"primaryImageOfPage":{"@id":"https:\/\/www.twbcompany.com\/es\/services\/application-development\/#primaryimage"},"image":{"@id":"https:\/\/www.twbcompany.com\/es\/services\/application-development\/#primaryimage"},"thumbnailUrl":"https:\/\/www.twbcompany.com\/wp-content\/uploads\/2015\/08\/service-hero.jpg","datePublished":"2015-08-20T19:27:02+00:00","dateModified":"2016-01-20T02:08:32+00:00","breadcrumb":{"@id":"https:\/\/www.twbcompany.com\/es\/services\/application-development\/#breadcrumb"},"inLanguage":"es-ES","potentialAction":[{"@type":"ReadAction","target":["https:\/\/www.twbcompany.com\/es\/services\/application-development\/"]}]},{"@type":"ImageObject","inLanguage":"es-ES","@id":"https:\/\/www.twbcompany.com\/es\/services\/application-development\/#primaryimage","url":"https:\/\/www.twbcompany.com\/wp-content\/uploads\/2015\/08\/service-hero.jpg","contentUrl":"https:\/\/www.twbcompany.com\/wp-content\/uploads\/2015\/08\/service-hero.jpg","width":1209,"height":403},{"@type":"BreadcrumbList","@id":"https:\/\/www.twbcompany.com\/es\/services\/application-development\/#breadcrumb","itemListElement":[{"@type":"ListItem","position":1,"name":"Home","item":"https:\/\/www.twbcompany.com\/es\/"},{"@type":"ListItem","position":2,"name":"Servicios","item":"https:\/\/www.twbcompany.com\/es\/services\/"},{"@type":"ListItem","position":3,"name":"Desarrollo de Aplicaciones"}]},{"@type":"WebSite","@id":"https:\/\/www.twbcompany.com\/es\/#website","url":"https:\/\/www.twbcompany.com\/es\/","name":"TWB Company LLC","description":"A Worthington Steel and WISCO Tailored Blanks Joint Venture Company","publisher":{"@id":"https:\/\/www.twbcompany.com\/es\/#organization"},"potentialAction":[{"@type":"SearchAction","target":{"@type":"EntryPoint","urlTemplate":"https:\/\/www.twbcompany.com\/es\/?s={search_term_string}"},"query-input":{"@type":"PropertyValueSpecification","valueRequired":true,"valueName":"search_term_string"}}],"inLanguage":"es-ES"},{"@type":"Organization","@id":"https:\/\/www.twbcompany.com\/es\/#organization","name":"TWB Company LLC","url":"https:\/\/www.twbcompany.com\/es\/","logo":{"@type":"ImageObject","inLanguage":"es-ES","@id":"https:\/\/www.twbcompany.com\/es\/#\/schema\/logo\/image\/","url":"https:\/\/www.twbcompany.com\/wp-content\/uploads\/2025\/10\/Grey-Background-Single-TWB-1.jpg","contentUrl":"https:\/\/www.twbcompany.com\/wp-content\/uploads\/2025\/10\/Grey-Background-Single-TWB-1.jpg","width":1920,"height":1080,"caption":"TWB Company LLC"},"image":{"@id":"https:\/\/www.twbcompany.com\/es\/#\/schema\/logo\/image\/"},"sameAs":["https:\/\/www.linkedin.com\/company\/twb\/"]}]}},"_links":{"self":[{"href":"https:\/\/www.twbcompany.com\/es\/wp-json\/wp\/v2\/pages\/602","targetHints":{"allow":["GET"]}}],"collection":[{"href":"https:\/\/www.twbcompany.com\/es\/wp-json\/wp\/v2\/pages"}],"about":[{"href":"https:\/\/www.twbcompany.com\/es\/wp-json\/wp\/v2\/types\/page"}],"author":[{"embeddable":true,"href":"https:\/\/www.twbcompany.com\/es\/wp-json\/wp\/v2\/users\/10"}],"replies":[{"embeddable":true,"href":"https:\/\/www.twbcompany.com\/es\/wp-json\/wp\/v2\/comments?post=602"}],"version-history":[{"count":0,"href":"https:\/\/www.twbcompany.com\/es\/wp-json\/wp\/v2\/pages\/602\/revisions"}],"up":[{"embeddable":true,"href":"https:\/\/www.twbcompany.com\/es\/wp-json\/wp\/v2\/pages\/600"}],"wp:featuredmedia":[{"embeddable":true,"href":"https:\/\/www.twbcompany.com\/es\/wp-json\/wp\/v2\/media\/442"}],"wp:attachment":[{"href":"https:\/\/www.twbcompany.com\/es\/wp-json\/wp\/v2\/media?parent=602"}],"curies":[{"name":"wp","href":"https:\/\/api.w.org\/{rel}","templated":true}]}}