{"id":600,"date":"2015-08-20T19:26:48","date_gmt":"2015-08-20T19:26:48","guid":{"rendered":"http:\/\/www.twbcompany.com\/es\/services\/"},"modified":"2016-01-19T15:38:30","modified_gmt":"2016-01-19T15:38:30","slug":"services","status":"publish","type":"page","link":"https:\/\/www.twbcompany.com\/es\/services\/","title":{"rendered":"Servicios"},"content":{"rendered":"<p>En TWB nuestro objetivo es proporcionar apoyo colaborativo y servicios en todas las fases del proceso de desarrollo de productos. Nuestro soporte de ingenier\u00eda se inicia en las etapas m\u00e1s tempranas del ciclo de desarrollo de productos y contin\u00faa durante todo el proceso de producci\u00f3n. Nuestro equipo de soporte puede proporcionar servicios durante todo el proceso en las siguientes \u00e1reas:<\/p>\n<ul>\n<li>Desarrollo de Aplicaciones<\/li>\n<li>Utilizaci\u00f3n de Materiales<\/li>\n<li>Dise\u00f1o de producto<\/li>\n<li>An\u00e1lisis de formabilidad<\/li>\n<li>Desarrollo de procesos y equipo<\/li>\n<li>Log\u00edstica<\/li>\n<\/ul>\n","protected":false},"excerpt":{"rendered":"<p>En TWB nuestro objetivo es proporcionar apoyo colaborativo y servicios en todas las fases del proceso de desarrollo de productos. Nuestro soporte de ingenier\u00eda se inicia en las etapas m\u00e1s tempranas del ciclo de desarrollo de productos y contin\u00faa durante todo el proceso de producci\u00f3n. Nuestro equipo de soporte puede proporcionar servicios durante todo el [&hellip;]<\/p>\n","protected":false},"author":10,"featured_media":445,"parent":0,"menu_order":7,"comment_status":"closed","ping_status":"closed","template":"","meta":{"_acf_changed":false,"footnotes":""},"class_list":["post-600","page","type-page","status-publish","has-post-thumbnail","hentry"],"acf":[],"yoast_head":"<!-- This site is optimized with the Yoast SEO plugin v27.4 - https:\/\/yoast.com\/product\/yoast-seo-wordpress\/ -->\n<title>Servicios - TWB Company LLC<\/title>\n<meta name=\"robots\" content=\"index, follow, max-snippet:-1, max-image-preview:large, max-video-preview:-1\" \/>\n<link rel=\"canonical\" href=\"https:\/\/www.twbcompany.com\/es\/services\/\" \/>\n<meta property=\"og:locale\" content=\"es_ES\" \/>\n<meta property=\"og:type\" content=\"article\" \/>\n<meta property=\"og:title\" content=\"Servicios - TWB Company LLC\" \/>\n<meta property=\"og:description\" content=\"En TWB nuestro objetivo es proporcionar apoyo colaborativo y servicios en todas las fases del proceso de desarrollo de productos. Nuestro soporte de ingenier\u00eda se inicia en las etapas m\u00e1s tempranas del ciclo de desarrollo de productos y contin\u00faa durante todo el proceso de producci\u00f3n. Nuestro equipo de soporte puede proporcionar servicios durante todo el [&hellip;]\" \/>\n<meta property=\"og:url\" content=\"https:\/\/www.twbcompany.com\/es\/services\/\" \/>\n<meta property=\"og:site_name\" content=\"TWB Company LLC\" \/>\n<meta property=\"article:publisher\" content=\"https:\/\/www.linkedin.com\/company\/twb\/\" \/>\n<meta property=\"article:modified_time\" content=\"2016-01-19T15:38:30+00:00\" \/>\n<meta property=\"og:image\" content=\"https:\/\/www.twbcompany.com\/wp-content\/uploads\/2015\/08\/service-hero-2.jpg\" \/>\n\t<meta property=\"og:image:width\" content=\"1209\" \/>\n\t<meta property=\"og:image:height\" content=\"403\" \/>\n\t<meta property=\"og:image:type\" content=\"image\/jpeg\" \/>\n<meta name=\"twitter:card\" content=\"summary_large_image\" \/>\n<script type=\"application\/ld+json\" class=\"yoast-schema-graph\">{\"@context\":\"https:\\\/\\\/schema.org\",\"@graph\":[{\"@type\":\"WebPage\",\"@id\":\"https:\\\/\\\/www.twbcompany.com\\\/es\\\/services\\\/\",\"url\":\"https:\\\/\\\/www.twbcompany.com\\\/es\\\/services\\\/\",\"name\":\"Servicios - TWB Company LLC\",\"isPartOf\":{\"@id\":\"https:\\\/\\\/www.twbcompany.com\\\/es\\\/#website\"},\"primaryImageOfPage\":{\"@id\":\"https:\\\/\\\/www.twbcompany.com\\\/es\\\/services\\\/#primaryimage\"},\"image\":{\"@id\":\"https:\\\/\\\/www.twbcompany.com\\\/es\\\/services\\\/#primaryimage\"},\"thumbnailUrl\":\"https:\\\/\\\/www.twbcompany.com\\\/wp-content\\\/uploads\\\/2015\\\/08\\\/service-hero-2.jpg\",\"datePublished\":\"2015-08-20T19:26:48+00:00\",\"dateModified\":\"2016-01-19T15:38:30+00:00\",\"breadcrumb\":{\"@id\":\"https:\\\/\\\/www.twbcompany.com\\\/es\\\/services\\\/#breadcrumb\"},\"inLanguage\":\"es-ES\",\"potentialAction\":[{\"@type\":\"ReadAction\",\"target\":[\"https:\\\/\\\/www.twbcompany.com\\\/es\\\/services\\\/\"]}]},{\"@type\":\"ImageObject\",\"inLanguage\":\"es-ES\",\"@id\":\"https:\\\/\\\/www.twbcompany.com\\\/es\\\/services\\\/#primaryimage\",\"url\":\"https:\\\/\\\/www.twbcompany.com\\\/wp-content\\\/uploads\\\/2015\\\/08\\\/service-hero-2.jpg\",\"contentUrl\":\"https:\\\/\\\/www.twbcompany.com\\\/wp-content\\\/uploads\\\/2015\\\/08\\\/service-hero-2.jpg\",\"width\":1209,\"height\":403},{\"@type\":\"BreadcrumbList\",\"@id\":\"https:\\\/\\\/www.twbcompany.com\\\/es\\\/services\\\/#breadcrumb\",\"itemListElement\":[{\"@type\":\"ListItem\",\"position\":1,\"name\":\"Home\",\"item\":\"https:\\\/\\\/www.twbcompany.com\\\/es\\\/\"},{\"@type\":\"ListItem\",\"position\":2,\"name\":\"Servicios\"}]},{\"@type\":\"WebSite\",\"@id\":\"https:\\\/\\\/www.twbcompany.com\\\/es\\\/#website\",\"url\":\"https:\\\/\\\/www.twbcompany.com\\\/es\\\/\",\"name\":\"TWB Company LLC\",\"description\":\"A Worthington Steel and WISCO Tailored Blanks Joint Venture Company\",\"publisher\":{\"@id\":\"https:\\\/\\\/www.twbcompany.com\\\/es\\\/#organization\"},\"potentialAction\":[{\"@type\":\"SearchAction\",\"target\":{\"@type\":\"EntryPoint\",\"urlTemplate\":\"https:\\\/\\\/www.twbcompany.com\\\/es\\\/?s={search_term_string}\"},\"query-input\":{\"@type\":\"PropertyValueSpecification\",\"valueRequired\":true,\"valueName\":\"search_term_string\"}}],\"inLanguage\":\"es-ES\"},{\"@type\":\"Organization\",\"@id\":\"https:\\\/\\\/www.twbcompany.com\\\/es\\\/#organization\",\"name\":\"TWB Company LLC\",\"url\":\"https:\\\/\\\/www.twbcompany.com\\\/es\\\/\",\"logo\":{\"@type\":\"ImageObject\",\"inLanguage\":\"es-ES\",\"@id\":\"https:\\\/\\\/www.twbcompany.com\\\/es\\\/#\\\/schema\\\/logo\\\/image\\\/\",\"url\":\"https:\\\/\\\/www.twbcompany.com\\\/wp-content\\\/uploads\\\/2025\\\/10\\\/Grey-Background-Single-TWB-1.jpg\",\"contentUrl\":\"https:\\\/\\\/www.twbcompany.com\\\/wp-content\\\/uploads\\\/2025\\\/10\\\/Grey-Background-Single-TWB-1.jpg\",\"width\":1920,\"height\":1080,\"caption\":\"TWB Company LLC\"},\"image\":{\"@id\":\"https:\\\/\\\/www.twbcompany.com\\\/es\\\/#\\\/schema\\\/logo\\\/image\\\/\"},\"sameAs\":[\"https:\\\/\\\/www.linkedin.com\\\/company\\\/twb\\\/\"]}]}<\/script>\n<!-- \/ Yoast SEO plugin. -->","yoast_head_json":{"title":"Servicios - TWB Company LLC","robots":{"index":"index","follow":"follow","max-snippet":"max-snippet:-1","max-image-preview":"max-image-preview:large","max-video-preview":"max-video-preview:-1"},"canonical":"https:\/\/www.twbcompany.com\/es\/services\/","og_locale":"es_ES","og_type":"article","og_title":"Servicios - TWB Company LLC","og_description":"En TWB nuestro objetivo es proporcionar apoyo colaborativo y servicios en todas las fases del proceso de desarrollo de productos. Nuestro soporte de ingenier\u00eda se inicia en las etapas m\u00e1s tempranas del ciclo de desarrollo de productos y contin\u00faa durante todo el proceso de producci\u00f3n. Nuestro equipo de soporte puede proporcionar servicios durante todo el [&hellip;]","og_url":"https:\/\/www.twbcompany.com\/es\/services\/","og_site_name":"TWB Company LLC","article_publisher":"https:\/\/www.linkedin.com\/company\/twb\/","article_modified_time":"2016-01-19T15:38:30+00:00","og_image":[{"width":1209,"height":403,"url":"https:\/\/www.twbcompany.com\/wp-content\/uploads\/2015\/08\/service-hero-2.jpg","type":"image\/jpeg"}],"twitter_card":"summary_large_image","schema":{"@context":"https:\/\/schema.org","@graph":[{"@type":"WebPage","@id":"https:\/\/www.twbcompany.com\/es\/services\/","url":"https:\/\/www.twbcompany.com\/es\/services\/","name":"Servicios - TWB Company LLC","isPartOf":{"@id":"https:\/\/www.twbcompany.com\/es\/#website"},"primaryImageOfPage":{"@id":"https:\/\/www.twbcompany.com\/es\/services\/#primaryimage"},"image":{"@id":"https:\/\/www.twbcompany.com\/es\/services\/#primaryimage"},"thumbnailUrl":"https:\/\/www.twbcompany.com\/wp-content\/uploads\/2015\/08\/service-hero-2.jpg","datePublished":"2015-08-20T19:26:48+00:00","dateModified":"2016-01-19T15:38:30+00:00","breadcrumb":{"@id":"https:\/\/www.twbcompany.com\/es\/services\/#breadcrumb"},"inLanguage":"es-ES","potentialAction":[{"@type":"ReadAction","target":["https:\/\/www.twbcompany.com\/es\/services\/"]}]},{"@type":"ImageObject","inLanguage":"es-ES","@id":"https:\/\/www.twbcompany.com\/es\/services\/#primaryimage","url":"https:\/\/www.twbcompany.com\/wp-content\/uploads\/2015\/08\/service-hero-2.jpg","contentUrl":"https:\/\/www.twbcompany.com\/wp-content\/uploads\/2015\/08\/service-hero-2.jpg","width":1209,"height":403},{"@type":"BreadcrumbList","@id":"https:\/\/www.twbcompany.com\/es\/services\/#breadcrumb","itemListElement":[{"@type":"ListItem","position":1,"name":"Home","item":"https:\/\/www.twbcompany.com\/es\/"},{"@type":"ListItem","position":2,"name":"Servicios"}]},{"@type":"WebSite","@id":"https:\/\/www.twbcompany.com\/es\/#website","url":"https:\/\/www.twbcompany.com\/es\/","name":"TWB Company LLC","description":"A Worthington Steel and WISCO Tailored Blanks Joint Venture Company","publisher":{"@id":"https:\/\/www.twbcompany.com\/es\/#organization"},"potentialAction":[{"@type":"SearchAction","target":{"@type":"EntryPoint","urlTemplate":"https:\/\/www.twbcompany.com\/es\/?s={search_term_string}"},"query-input":{"@type":"PropertyValueSpecification","valueRequired":true,"valueName":"search_term_string"}}],"inLanguage":"es-ES"},{"@type":"Organization","@id":"https:\/\/www.twbcompany.com\/es\/#organization","name":"TWB Company LLC","url":"https:\/\/www.twbcompany.com\/es\/","logo":{"@type":"ImageObject","inLanguage":"es-ES","@id":"https:\/\/www.twbcompany.com\/es\/#\/schema\/logo\/image\/","url":"https:\/\/www.twbcompany.com\/wp-content\/uploads\/2025\/10\/Grey-Background-Single-TWB-1.jpg","contentUrl":"https:\/\/www.twbcompany.com\/wp-content\/uploads\/2025\/10\/Grey-Background-Single-TWB-1.jpg","width":1920,"height":1080,"caption":"TWB Company LLC"},"image":{"@id":"https:\/\/www.twbcompany.com\/es\/#\/schema\/logo\/image\/"},"sameAs":["https:\/\/www.linkedin.com\/company\/twb\/"]}]}},"_links":{"self":[{"href":"https:\/\/www.twbcompany.com\/es\/wp-json\/wp\/v2\/pages\/600","targetHints":{"allow":["GET"]}}],"collection":[{"href":"https:\/\/www.twbcompany.com\/es\/wp-json\/wp\/v2\/pages"}],"about":[{"href":"https:\/\/www.twbcompany.com\/es\/wp-json\/wp\/v2\/types\/page"}],"author":[{"embeddable":true,"href":"https:\/\/www.twbcompany.com\/es\/wp-json\/wp\/v2\/users\/10"}],"replies":[{"embeddable":true,"href":"https:\/\/www.twbcompany.com\/es\/wp-json\/wp\/v2\/comments?post=600"}],"version-history":[{"count":0,"href":"https:\/\/www.twbcompany.com\/es\/wp-json\/wp\/v2\/pages\/600\/revisions"}],"wp:featuredmedia":[{"embeddable":true,"href":"https:\/\/www.twbcompany.com\/es\/wp-json\/wp\/v2\/media\/445"}],"wp:attachment":[{"href":"https:\/\/www.twbcompany.com\/es\/wp-json\/wp\/v2\/media?parent=600"}],"curies":[{"name":"wp","href":"https:\/\/api.w.org\/{rel}","templated":true}]}}