{"id":597,"date":"2019-10-29T13:55:57","date_gmt":"2019-10-29T13:55:57","guid":{"rendered":"http:\/\/www.twbcompany.com\/es\/about-twb\/"},"modified":"2019-10-29T17:57:57","modified_gmt":"2019-10-29T17:57:57","slug":"about-twb","status":"publish","type":"page","link":"https:\/\/www.twbcompany.com\/es\/about-twb\/","title":{"rendered":"Acerca de TWB"},"content":{"rendered":"<h2>Como empez\u00f3 todo<\/h2>\n<p>Fundada en 1992, TWB Company, LLC se integra como una joint venture entre Worthington Steel y BAOWU, misma que se fusion\u00f3 \u00a0con <em>Wuhan Iron and Steel Company (WISCO)<\/em> en el a\u00f1o 2017. Anteriormente, en el a\u00f1o 2013 WISCO compr\u00f3 las acciones de ThyssenKrupp Steel, creador de las blanks a medida. En los \u00faltimos 20 a\u00f1os, TWB ha desarrollado el mercado de blanks soldadas a medida en Norteam\u00e9rica.<\/p>\n","protected":false},"excerpt":{"rendered":"<p>Como empez\u00f3 todo Fundada en 1992, TWB Company, LLC se integra como una joint venture entre Worthington Steel y BAOWU, misma que se fusion\u00f3 \u00a0con Wuhan Iron and Steel Company (WISCO) en el a\u00f1o 2017. Anteriormente, en el a\u00f1o 2013 WISCO compr\u00f3 las acciones de ThyssenKrupp Steel, creador de las blanks a medida. En los [&hellip;]<\/p>\n","protected":false},"author":10,"featured_media":316,"parent":0,"menu_order":1,"comment_status":"closed","ping_status":"closed","template":"","meta":{"_acf_changed":false,"footnotes":""},"class_list":["post-597","page","type-page","status-publish","has-post-thumbnail","hentry"],"acf":[],"yoast_head":"<!-- This site is optimized with the Yoast SEO plugin v27.4 - https:\/\/yoast.com\/product\/yoast-seo-wordpress\/ -->\n<title>Acerca de TWB - TWB Company LLC<\/title>\n<meta name=\"robots\" content=\"index, follow, max-snippet:-1, max-image-preview:large, max-video-preview:-1\" \/>\n<link rel=\"canonical\" href=\"https:\/\/www.twbcompany.com\/es\/about-twb\/\" \/>\n<meta property=\"og:locale\" content=\"es_ES\" \/>\n<meta property=\"og:type\" content=\"article\" \/>\n<meta property=\"og:title\" content=\"Acerca de TWB - TWB Company LLC\" \/>\n<meta property=\"og:description\" content=\"Como empez\u00f3 todo Fundada en 1992, TWB Company, LLC se integra como una joint venture entre Worthington Steel y BAOWU, misma que se fusion\u00f3 \u00a0con Wuhan Iron and Steel Company (WISCO) en el a\u00f1o 2017. Anteriormente, en el a\u00f1o 2013 WISCO compr\u00f3 las acciones de ThyssenKrupp Steel, creador de las blanks a medida. En los [&hellip;]\" \/>\n<meta property=\"og:url\" content=\"https:\/\/www.twbcompany.com\/es\/about-twb\/\" \/>\n<meta property=\"og:site_name\" content=\"TWB Company LLC\" \/>\n<meta property=\"article:publisher\" content=\"https:\/\/www.linkedin.com\/company\/twb\/\" \/>\n<meta property=\"article:modified_time\" content=\"2019-10-29T17:57:57+00:00\" \/>\n<meta property=\"og:image\" content=\"https:\/\/www.twbcompany.com\/wp-content\/uploads\/2015\/08\/TWC-banner-350c.jpg\" \/>\n\t<meta property=\"og:image:width\" content=\"1188\" \/>\n\t<meta property=\"og:image:height\" content=\"347\" \/>\n\t<meta property=\"og:image:type\" content=\"image\/jpeg\" \/>\n<meta name=\"twitter:card\" content=\"summary_large_image\" \/>\n<script type=\"application\/ld+json\" class=\"yoast-schema-graph\">{\"@context\":\"https:\\\/\\\/schema.org\",\"@graph\":[{\"@type\":\"WebPage\",\"@id\":\"https:\\\/\\\/www.twbcompany.com\\\/es\\\/about-twb\\\/\",\"url\":\"https:\\\/\\\/www.twbcompany.com\\\/es\\\/about-twb\\\/\",\"name\":\"Acerca de TWB - TWB Company LLC\",\"isPartOf\":{\"@id\":\"https:\\\/\\\/www.twbcompany.com\\\/es\\\/#website\"},\"primaryImageOfPage\":{\"@id\":\"https:\\\/\\\/www.twbcompany.com\\\/es\\\/about-twb\\\/#primaryimage\"},\"image\":{\"@id\":\"https:\\\/\\\/www.twbcompany.com\\\/es\\\/about-twb\\\/#primaryimage\"},\"thumbnailUrl\":\"https:\\\/\\\/www.twbcompany.com\\\/wp-content\\\/uploads\\\/2015\\\/08\\\/TWC-banner-350c.jpg\",\"datePublished\":\"2019-10-29T13:55:57+00:00\",\"dateModified\":\"2019-10-29T17:57:57+00:00\",\"breadcrumb\":{\"@id\":\"https:\\\/\\\/www.twbcompany.com\\\/es\\\/about-twb\\\/#breadcrumb\"},\"inLanguage\":\"es-ES\",\"potentialAction\":[{\"@type\":\"ReadAction\",\"target\":[\"https:\\\/\\\/www.twbcompany.com\\\/es\\\/about-twb\\\/\"]}]},{\"@type\":\"ImageObject\",\"inLanguage\":\"es-ES\",\"@id\":\"https:\\\/\\\/www.twbcompany.com\\\/es\\\/about-twb\\\/#primaryimage\",\"url\":\"https:\\\/\\\/www.twbcompany.com\\\/wp-content\\\/uploads\\\/2015\\\/08\\\/TWC-banner-350c.jpg\",\"contentUrl\":\"https:\\\/\\\/www.twbcompany.com\\\/wp-content\\\/uploads\\\/2015\\\/08\\\/TWC-banner-350c.jpg\",\"width\":1188,\"height\":347},{\"@type\":\"BreadcrumbList\",\"@id\":\"https:\\\/\\\/www.twbcompany.com\\\/es\\\/about-twb\\\/#breadcrumb\",\"itemListElement\":[{\"@type\":\"ListItem\",\"position\":1,\"name\":\"Home\",\"item\":\"https:\\\/\\\/www.twbcompany.com\\\/es\\\/\"},{\"@type\":\"ListItem\",\"position\":2,\"name\":\"Acerca de TWB\"}]},{\"@type\":\"WebSite\",\"@id\":\"https:\\\/\\\/www.twbcompany.com\\\/es\\\/#website\",\"url\":\"https:\\\/\\\/www.twbcompany.com\\\/es\\\/\",\"name\":\"TWB Company LLC\",\"description\":\"A Worthington Steel and WISCO Tailored Blanks Joint Venture Company\",\"publisher\":{\"@id\":\"https:\\\/\\\/www.twbcompany.com\\\/es\\\/#organization\"},\"potentialAction\":[{\"@type\":\"SearchAction\",\"target\":{\"@type\":\"EntryPoint\",\"urlTemplate\":\"https:\\\/\\\/www.twbcompany.com\\\/es\\\/?s={search_term_string}\"},\"query-input\":{\"@type\":\"PropertyValueSpecification\",\"valueRequired\":true,\"valueName\":\"search_term_string\"}}],\"inLanguage\":\"es-ES\"},{\"@type\":\"Organization\",\"@id\":\"https:\\\/\\\/www.twbcompany.com\\\/es\\\/#organization\",\"name\":\"TWB Company LLC\",\"url\":\"https:\\\/\\\/www.twbcompany.com\\\/es\\\/\",\"logo\":{\"@type\":\"ImageObject\",\"inLanguage\":\"es-ES\",\"@id\":\"https:\\\/\\\/www.twbcompany.com\\\/es\\\/#\\\/schema\\\/logo\\\/image\\\/\",\"url\":\"https:\\\/\\\/www.twbcompany.com\\\/wp-content\\\/uploads\\\/2025\\\/10\\\/Grey-Background-Single-TWB-1.jpg\",\"contentUrl\":\"https:\\\/\\\/www.twbcompany.com\\\/wp-content\\\/uploads\\\/2025\\\/10\\\/Grey-Background-Single-TWB-1.jpg\",\"width\":1920,\"height\":1080,\"caption\":\"TWB Company LLC\"},\"image\":{\"@id\":\"https:\\\/\\\/www.twbcompany.com\\\/es\\\/#\\\/schema\\\/logo\\\/image\\\/\"},\"sameAs\":[\"https:\\\/\\\/www.linkedin.com\\\/company\\\/twb\\\/\"]}]}<\/script>\n<!-- \/ Yoast SEO plugin. -->","yoast_head_json":{"title":"Acerca de TWB - TWB Company LLC","robots":{"index":"index","follow":"follow","max-snippet":"max-snippet:-1","max-image-preview":"max-image-preview:large","max-video-preview":"max-video-preview:-1"},"canonical":"https:\/\/www.twbcompany.com\/es\/about-twb\/","og_locale":"es_ES","og_type":"article","og_title":"Acerca de TWB - TWB Company LLC","og_description":"Como empez\u00f3 todo Fundada en 1992, TWB Company, LLC se integra como una joint venture entre Worthington Steel y BAOWU, misma que se fusion\u00f3 \u00a0con Wuhan Iron and Steel Company (WISCO) en el a\u00f1o 2017. Anteriormente, en el a\u00f1o 2013 WISCO compr\u00f3 las acciones de ThyssenKrupp Steel, creador de las blanks a medida. En los [&hellip;]","og_url":"https:\/\/www.twbcompany.com\/es\/about-twb\/","og_site_name":"TWB Company LLC","article_publisher":"https:\/\/www.linkedin.com\/company\/twb\/","article_modified_time":"2019-10-29T17:57:57+00:00","og_image":[{"width":1188,"height":347,"url":"https:\/\/www.twbcompany.com\/wp-content\/uploads\/2015\/08\/TWC-banner-350c.jpg","type":"image\/jpeg"}],"twitter_card":"summary_large_image","schema":{"@context":"https:\/\/schema.org","@graph":[{"@type":"WebPage","@id":"https:\/\/www.twbcompany.com\/es\/about-twb\/","url":"https:\/\/www.twbcompany.com\/es\/about-twb\/","name":"Acerca de TWB - TWB Company LLC","isPartOf":{"@id":"https:\/\/www.twbcompany.com\/es\/#website"},"primaryImageOfPage":{"@id":"https:\/\/www.twbcompany.com\/es\/about-twb\/#primaryimage"},"image":{"@id":"https:\/\/www.twbcompany.com\/es\/about-twb\/#primaryimage"},"thumbnailUrl":"https:\/\/www.twbcompany.com\/wp-content\/uploads\/2015\/08\/TWC-banner-350c.jpg","datePublished":"2019-10-29T13:55:57+00:00","dateModified":"2019-10-29T17:57:57+00:00","breadcrumb":{"@id":"https:\/\/www.twbcompany.com\/es\/about-twb\/#breadcrumb"},"inLanguage":"es-ES","potentialAction":[{"@type":"ReadAction","target":["https:\/\/www.twbcompany.com\/es\/about-twb\/"]}]},{"@type":"ImageObject","inLanguage":"es-ES","@id":"https:\/\/www.twbcompany.com\/es\/about-twb\/#primaryimage","url":"https:\/\/www.twbcompany.com\/wp-content\/uploads\/2015\/08\/TWC-banner-350c.jpg","contentUrl":"https:\/\/www.twbcompany.com\/wp-content\/uploads\/2015\/08\/TWC-banner-350c.jpg","width":1188,"height":347},{"@type":"BreadcrumbList","@id":"https:\/\/www.twbcompany.com\/es\/about-twb\/#breadcrumb","itemListElement":[{"@type":"ListItem","position":1,"name":"Home","item":"https:\/\/www.twbcompany.com\/es\/"},{"@type":"ListItem","position":2,"name":"Acerca de TWB"}]},{"@type":"WebSite","@id":"https:\/\/www.twbcompany.com\/es\/#website","url":"https:\/\/www.twbcompany.com\/es\/","name":"TWB Company LLC","description":"A Worthington Steel and WISCO Tailored Blanks Joint Venture Company","publisher":{"@id":"https:\/\/www.twbcompany.com\/es\/#organization"},"potentialAction":[{"@type":"SearchAction","target":{"@type":"EntryPoint","urlTemplate":"https:\/\/www.twbcompany.com\/es\/?s={search_term_string}"},"query-input":{"@type":"PropertyValueSpecification","valueRequired":true,"valueName":"search_term_string"}}],"inLanguage":"es-ES"},{"@type":"Organization","@id":"https:\/\/www.twbcompany.com\/es\/#organization","name":"TWB Company LLC","url":"https:\/\/www.twbcompany.com\/es\/","logo":{"@type":"ImageObject","inLanguage":"es-ES","@id":"https:\/\/www.twbcompany.com\/es\/#\/schema\/logo\/image\/","url":"https:\/\/www.twbcompany.com\/wp-content\/uploads\/2025\/10\/Grey-Background-Single-TWB-1.jpg","contentUrl":"https:\/\/www.twbcompany.com\/wp-content\/uploads\/2025\/10\/Grey-Background-Single-TWB-1.jpg","width":1920,"height":1080,"caption":"TWB Company LLC"},"image":{"@id":"https:\/\/www.twbcompany.com\/es\/#\/schema\/logo\/image\/"},"sameAs":["https:\/\/www.linkedin.com\/company\/twb\/"]}]}},"_links":{"self":[{"href":"https:\/\/www.twbcompany.com\/es\/wp-json\/wp\/v2\/pages\/597","targetHints":{"allow":["GET"]}}],"collection":[{"href":"https:\/\/www.twbcompany.com\/es\/wp-json\/wp\/v2\/pages"}],"about":[{"href":"https:\/\/www.twbcompany.com\/es\/wp-json\/wp\/v2\/types\/page"}],"author":[{"embeddable":true,"href":"https:\/\/www.twbcompany.com\/es\/wp-json\/wp\/v2\/users\/10"}],"replies":[{"embeddable":true,"href":"https:\/\/www.twbcompany.com\/es\/wp-json\/wp\/v2\/comments?post=597"}],"version-history":[{"count":0,"href":"https:\/\/www.twbcompany.com\/es\/wp-json\/wp\/v2\/pages\/597\/revisions"}],"wp:featuredmedia":[{"embeddable":true,"href":"https:\/\/www.twbcompany.com\/es\/wp-json\/wp\/v2\/media\/316"}],"wp:attachment":[{"href":"https:\/\/www.twbcompany.com\/es\/wp-json\/wp\/v2\/media?parent=597"}],"curies":[{"name":"wp","href":"https:\/\/api.w.org\/{rel}","templated":true}]}}