{"id":591,"date":"2015-08-20T19:28:14","date_gmt":"2015-08-20T19:28:14","guid":{"rendered":"http:\/\/www.twbcompany.com\/es\/applications\/"},"modified":"2016-01-20T02:30:35","modified_gmt":"2016-01-20T02:30:35","slug":"applications","status":"publish","type":"page","link":"https:\/\/www.twbcompany.com\/es\/applications\/","title":{"rendered":"Aplicaciones"},"content":{"rendered":"<p>El principal uso de los blanks a medida\u00a0soldados con l\u00e1ser es en la industria automotriz, sin embargo\u00a0existen diversas posibilidades. En la industria automotriz las aplicaciones m\u00e1s populares incluyen: Puertas, pilares, rieles y costados. Cualquiera que sea la aplicaci\u00f3n, TWB puede apoyar a sus ingenieros dise\u00f1ando soluciones que reduzcan costo de materiales y peso, mejorar la calidad y comportamiento de materiales, as\u00ed como optimizar sus proceso de producci\u00f3n.<\/p>\n<p>Las aplicaciones potenciales fuera de la industria automotriz incluyen soluciones para indutrial tales como: Energ\u00eda alternativa, electrodom\u00e9sticos, transporte, fabricaci\u00f3n de vagones de ferrocarril, construcci\u00f3n naval, construcci\u00f3n, fabricaci\u00f3n de remolques, ascensores \/ escaleras mec\u00e1nicas \u00a0y muebles. Siempre que acero\u00a0o aluminio sean la materia prima,\u00a0existe una buena probabilidad de que se pueda aplicar productos soldados con l\u00e1ser para mejorar los resultados.<\/p>\n","protected":false},"excerpt":{"rendered":"<p>El principal uso de los blanks a medida\u00a0soldados con l\u00e1ser es en la industria automotriz, sin embargo\u00a0existen diversas posibilidades. En la industria automotriz las aplicaciones m\u00e1s populares incluyen: Puertas, pilares, rieles y costados. Cualquiera que sea la aplicaci\u00f3n, TWB puede apoyar a sus ingenieros dise\u00f1ando soluciones que reduzcan costo de materiales y peso, mejorar la [&hellip;]<\/p>\n","protected":false},"author":10,"featured_media":0,"parent":0,"menu_order":8,"comment_status":"closed","ping_status":"closed","template":"applications-listing.php","meta":{"_acf_changed":false,"footnotes":""},"class_list":["post-591","page","type-page","status-publish","hentry"],"acf":[],"yoast_head":"<!-- This site is optimized with the Yoast SEO plugin v27.4 - https:\/\/yoast.com\/product\/yoast-seo-wordpress\/ -->\n<title>Aplicaciones - TWB Company LLC<\/title>\n<meta name=\"robots\" content=\"index, follow, max-snippet:-1, max-image-preview:large, max-video-preview:-1\" \/>\n<link rel=\"canonical\" href=\"https:\/\/www.twbcompany.com\/es\/applications\/\" \/>\n<meta property=\"og:locale\" content=\"es_ES\" \/>\n<meta property=\"og:type\" content=\"article\" \/>\n<meta property=\"og:title\" content=\"Aplicaciones - TWB Company LLC\" \/>\n<meta property=\"og:description\" content=\"El principal uso de los blanks a medida\u00a0soldados con l\u00e1ser es en la industria automotriz, sin embargo\u00a0existen diversas posibilidades. En la industria automotriz las aplicaciones m\u00e1s populares incluyen: Puertas, pilares, rieles y costados. Cualquiera que sea la aplicaci\u00f3n, TWB puede apoyar a sus ingenieros dise\u00f1ando soluciones que reduzcan costo de materiales y peso, mejorar la [&hellip;]\" \/>\n<meta property=\"og:url\" content=\"https:\/\/www.twbcompany.com\/es\/applications\/\" \/>\n<meta property=\"og:site_name\" content=\"TWB Company LLC\" \/>\n<meta property=\"article:publisher\" content=\"https:\/\/www.linkedin.com\/company\/twb\/\" \/>\n<meta property=\"article:modified_time\" content=\"2016-01-20T02:30:35+00:00\" \/>\n<meta name=\"twitter:card\" content=\"summary_large_image\" \/>\n<meta name=\"twitter:label1\" content=\"Est. reading time\" \/>\n\t<meta name=\"twitter:data1\" content=\"1 minute\" \/>\n<script type=\"application\/ld+json\" class=\"yoast-schema-graph\">{\"@context\":\"https:\\\/\\\/schema.org\",\"@graph\":[{\"@type\":\"WebPage\",\"@id\":\"https:\\\/\\\/www.twbcompany.com\\\/es\\\/applications\\\/\",\"url\":\"https:\\\/\\\/www.twbcompany.com\\\/es\\\/applications\\\/\",\"name\":\"Aplicaciones - TWB Company LLC\",\"isPartOf\":{\"@id\":\"https:\\\/\\\/www.twbcompany.com\\\/es\\\/#website\"},\"datePublished\":\"2015-08-20T19:28:14+00:00\",\"dateModified\":\"2016-01-20T02:30:35+00:00\",\"breadcrumb\":{\"@id\":\"https:\\\/\\\/www.twbcompany.com\\\/es\\\/applications\\\/#breadcrumb\"},\"inLanguage\":\"es-ES\",\"potentialAction\":[{\"@type\":\"ReadAction\",\"target\":[\"https:\\\/\\\/www.twbcompany.com\\\/es\\\/applications\\\/\"]}]},{\"@type\":\"BreadcrumbList\",\"@id\":\"https:\\\/\\\/www.twbcompany.com\\\/es\\\/applications\\\/#breadcrumb\",\"itemListElement\":[{\"@type\":\"ListItem\",\"position\":1,\"name\":\"Home\",\"item\":\"https:\\\/\\\/www.twbcompany.com\\\/es\\\/\"},{\"@type\":\"ListItem\",\"position\":2,\"name\":\"Aplicaciones\"}]},{\"@type\":\"WebSite\",\"@id\":\"https:\\\/\\\/www.twbcompany.com\\\/es\\\/#website\",\"url\":\"https:\\\/\\\/www.twbcompany.com\\\/es\\\/\",\"name\":\"TWB Company LLC\",\"description\":\"A Worthington Steel and WISCO Tailored Blanks Joint Venture Company\",\"publisher\":{\"@id\":\"https:\\\/\\\/www.twbcompany.com\\\/es\\\/#organization\"},\"potentialAction\":[{\"@type\":\"SearchAction\",\"target\":{\"@type\":\"EntryPoint\",\"urlTemplate\":\"https:\\\/\\\/www.twbcompany.com\\\/es\\\/?s={search_term_string}\"},\"query-input\":{\"@type\":\"PropertyValueSpecification\",\"valueRequired\":true,\"valueName\":\"search_term_string\"}}],\"inLanguage\":\"es-ES\"},{\"@type\":\"Organization\",\"@id\":\"https:\\\/\\\/www.twbcompany.com\\\/es\\\/#organization\",\"name\":\"TWB Company LLC\",\"url\":\"https:\\\/\\\/www.twbcompany.com\\\/es\\\/\",\"logo\":{\"@type\":\"ImageObject\",\"inLanguage\":\"es-ES\",\"@id\":\"https:\\\/\\\/www.twbcompany.com\\\/es\\\/#\\\/schema\\\/logo\\\/image\\\/\",\"url\":\"https:\\\/\\\/www.twbcompany.com\\\/wp-content\\\/uploads\\\/2025\\\/10\\\/Grey-Background-Single-TWB-1.jpg\",\"contentUrl\":\"https:\\\/\\\/www.twbcompany.com\\\/wp-content\\\/uploads\\\/2025\\\/10\\\/Grey-Background-Single-TWB-1.jpg\",\"width\":1920,\"height\":1080,\"caption\":\"TWB Company LLC\"},\"image\":{\"@id\":\"https:\\\/\\\/www.twbcompany.com\\\/es\\\/#\\\/schema\\\/logo\\\/image\\\/\"},\"sameAs\":[\"https:\\\/\\\/www.linkedin.com\\\/company\\\/twb\\\/\"]}]}<\/script>\n<!-- \/ Yoast SEO plugin. -->","yoast_head_json":{"title":"Aplicaciones - TWB Company LLC","robots":{"index":"index","follow":"follow","max-snippet":"max-snippet:-1","max-image-preview":"max-image-preview:large","max-video-preview":"max-video-preview:-1"},"canonical":"https:\/\/www.twbcompany.com\/es\/applications\/","og_locale":"es_ES","og_type":"article","og_title":"Aplicaciones - TWB Company LLC","og_description":"El principal uso de los blanks a medida\u00a0soldados con l\u00e1ser es en la industria automotriz, sin embargo\u00a0existen diversas posibilidades. En la industria automotriz las aplicaciones m\u00e1s populares incluyen: Puertas, pilares, rieles y costados. Cualquiera que sea la aplicaci\u00f3n, TWB puede apoyar a sus ingenieros dise\u00f1ando soluciones que reduzcan costo de materiales y peso, mejorar la [&hellip;]","og_url":"https:\/\/www.twbcompany.com\/es\/applications\/","og_site_name":"TWB Company LLC","article_publisher":"https:\/\/www.linkedin.com\/company\/twb\/","article_modified_time":"2016-01-20T02:30:35+00:00","twitter_card":"summary_large_image","twitter_misc":{"Est. reading time":"1 minute"},"schema":{"@context":"https:\/\/schema.org","@graph":[{"@type":"WebPage","@id":"https:\/\/www.twbcompany.com\/es\/applications\/","url":"https:\/\/www.twbcompany.com\/es\/applications\/","name":"Aplicaciones - TWB Company LLC","isPartOf":{"@id":"https:\/\/www.twbcompany.com\/es\/#website"},"datePublished":"2015-08-20T19:28:14+00:00","dateModified":"2016-01-20T02:30:35+00:00","breadcrumb":{"@id":"https:\/\/www.twbcompany.com\/es\/applications\/#breadcrumb"},"inLanguage":"es-ES","potentialAction":[{"@type":"ReadAction","target":["https:\/\/www.twbcompany.com\/es\/applications\/"]}]},{"@type":"BreadcrumbList","@id":"https:\/\/www.twbcompany.com\/es\/applications\/#breadcrumb","itemListElement":[{"@type":"ListItem","position":1,"name":"Home","item":"https:\/\/www.twbcompany.com\/es\/"},{"@type":"ListItem","position":2,"name":"Aplicaciones"}]},{"@type":"WebSite","@id":"https:\/\/www.twbcompany.com\/es\/#website","url":"https:\/\/www.twbcompany.com\/es\/","name":"TWB Company LLC","description":"A Worthington Steel and WISCO Tailored Blanks Joint Venture Company","publisher":{"@id":"https:\/\/www.twbcompany.com\/es\/#organization"},"potentialAction":[{"@type":"SearchAction","target":{"@type":"EntryPoint","urlTemplate":"https:\/\/www.twbcompany.com\/es\/?s={search_term_string}"},"query-input":{"@type":"PropertyValueSpecification","valueRequired":true,"valueName":"search_term_string"}}],"inLanguage":"es-ES"},{"@type":"Organization","@id":"https:\/\/www.twbcompany.com\/es\/#organization","name":"TWB Company LLC","url":"https:\/\/www.twbcompany.com\/es\/","logo":{"@type":"ImageObject","inLanguage":"es-ES","@id":"https:\/\/www.twbcompany.com\/es\/#\/schema\/logo\/image\/","url":"https:\/\/www.twbcompany.com\/wp-content\/uploads\/2025\/10\/Grey-Background-Single-TWB-1.jpg","contentUrl":"https:\/\/www.twbcompany.com\/wp-content\/uploads\/2025\/10\/Grey-Background-Single-TWB-1.jpg","width":1920,"height":1080,"caption":"TWB Company LLC"},"image":{"@id":"https:\/\/www.twbcompany.com\/es\/#\/schema\/logo\/image\/"},"sameAs":["https:\/\/www.linkedin.com\/company\/twb\/"]}]}},"_links":{"self":[{"href":"https:\/\/www.twbcompany.com\/es\/wp-json\/wp\/v2\/pages\/591","targetHints":{"allow":["GET"]}}],"collection":[{"href":"https:\/\/www.twbcompany.com\/es\/wp-json\/wp\/v2\/pages"}],"about":[{"href":"https:\/\/www.twbcompany.com\/es\/wp-json\/wp\/v2\/types\/page"}],"author":[{"embeddable":true,"href":"https:\/\/www.twbcompany.com\/es\/wp-json\/wp\/v2\/users\/10"}],"replies":[{"embeddable":true,"href":"https:\/\/www.twbcompany.com\/es\/wp-json\/wp\/v2\/comments?post=591"}],"version-history":[{"count":0,"href":"https:\/\/www.twbcompany.com\/es\/wp-json\/wp\/v2\/pages\/591\/revisions"}],"wp:attachment":[{"href":"https:\/\/www.twbcompany.com\/es\/wp-json\/wp\/v2\/media?parent=591"}],"curies":[{"name":"wp","href":"https:\/\/api.w.org\/{rel}","templated":true}]}}